{"id":1889,"date":"2020-11-26T16:01:19","date_gmt":"2020-11-26T15:01:19","guid":{"rendered":"http:\/\/toppet.fi\/?page_id=1889"},"modified":"2020-11-26T16:10:59","modified_gmt":"2020-11-26T15:10:59","slug":"korduma-kippuvad-kusimused","status":"publish","type":"page","link":"https:\/\/www.toppet.fi\/fi\/korduma-kippuvad-kusimused\/","title":{"rendered":"FAQ"},"content":{"rendered":"<p><strong>Milliseid makseviise on mul v\u00f5imalik kasutada?<\/strong><br>Asukohamaa p\u00f5hised makseviisid leiad ostukorvist.&nbsp;&nbsp;&nbsp;&nbsp;&nbsp;&nbsp;&nbsp;<\/p>\n\n\n\n<p><strong>Kas m\u00e4lestusm\u00e4rgile on v\u00f5imalik saada nt lemmiklooma pilti?<\/strong><br>Pildi v\u00f5id saata meile eraldi failina<\/p>\n\n\n\n<p><strong>Kas on saadaval ka muid materjale v\u00f5i v\u00e4rve, kui need, mida programm pakub?<\/strong><br>Muid materjale ja v\u00e4rve pole saadaval<\/p>\n\n\n\n<p><strong>Kuidas kingitust\/meenet paigaldada?<\/strong><br>Tootega tuleb kaasa jaland, mis sobib kas sise- (v\u00e4ike) v\u00f5i v\u00e4listingimustesse (suur)<\/p>\n\n\n\n<p><strong>Kas m\u00e4lestusm\u00e4rgi tellimust saab hiljem muuta?<\/strong><br>Soovitavate muudatuste kohta tuleb koheselt p\u00e4rast makse tasumist saata teade meiliaadressile <a href=\"mailto:info@toppet.fi\">info@toppet.fi<\/a><\/p>","protected":false},"excerpt":{"rendered":"<p>Milliseid makseviise on mul v\u00f5imalik kasutada?Asukohamaa p\u00f5hised makseviisid leiad ostukorvist.&nbsp;&nbsp;&nbsp;&nbsp;&nbsp;&nbsp;&nbsp; Kas m\u00e4lestusm\u00e4rgile on v\u00f5imalik saada nt lemmiklooma pilti?Pildi v\u00f5id saata meile eraldi failina Kas on saadaval ka muid materjale v\u00f5i v\u00e4rve, kui need, mida programm pakub?Muid materjale ja v\u00e4rve pole saadaval Kuidas kingitust\/meenet paigaldada?Tootega tuleb kaasa jaland, mis sobib kas sise- (v\u00e4ike) v\u00f5i v\u00e4listingimustesse (suur) &hellip;<\/p>\n<p class=\"read-more\"> <a class=\"\" href=\"https:\/\/www.toppet.fi\/fi\/korduma-kippuvad-kusimused\/\"> <span class=\"screen-reader-text\">FAQ<\/span> Lue lis\u00e4\u00e4 &raquo;<\/a><\/p>","protected":false},"author":1,"featured_media":0,"parent":0,"menu_order":0,"comment_status":"closed","ping_status":"closed","template":"","meta":{"site-sidebar-layout":"default","site-content-layout":"default","ast-global-header-display":"","ast-banner-title-visibility":"","ast-main-header-display":"","ast-hfb-above-header-display":"","ast-hfb-below-header-display":"","ast-hfb-mobile-header-display":"","site-post-title":"","ast-breadcrumbs-content":"","ast-featured-img":"","footer-sml-layout":"","theme-transparent-header-meta":"default","adv-header-id-meta":"","stick-header-meta":"","header-above-stick-meta":"","header-main-stick-meta":"","header-below-stick-meta":"","footnotes":""},"_links":{"self":[{"href":"https:\/\/www.toppet.fi\/fi\/wp-json\/wp\/v2\/pages\/1889"}],"collection":[{"href":"https:\/\/www.toppet.fi\/fi\/wp-json\/wp\/v2\/pages"}],"about":[{"href":"https:\/\/www.toppet.fi\/fi\/wp-json\/wp\/v2\/types\/page"}],"author":[{"embeddable":true,"href":"https:\/\/www.toppet.fi\/fi\/wp-json\/wp\/v2\/users\/1"}],"replies":[{"embeddable":true,"href":"https:\/\/www.toppet.fi\/fi\/wp-json\/wp\/v2\/comments?post=1889"}],"version-history":[{"count":2,"href":"https:\/\/www.toppet.fi\/fi\/wp-json\/wp\/v2\/pages\/1889\/revisions"}],"predecessor-version":[{"id":1892,"href":"https:\/\/www.toppet.fi\/fi\/wp-json\/wp\/v2\/pages\/1889\/revisions\/1892"}],"wp:attachment":[{"href":"https:\/\/www.toppet.fi\/fi\/wp-json\/wp\/v2\/media?parent=1889"}],"curies":[{"name":"wp","href":"https:\/\/api.w.org\/{rel}","templated":true}]}}