{"id":1045,"date":"2020-09-22T17:14:12","date_gmt":"2020-09-22T16:14:12","guid":{"rendered":"http:\/\/toppet.fi\/?page_id=1045"},"modified":"2021-03-11T14:49:30","modified_gmt":"2021-03-11T13:49:30","slug":"privaatsustingimused","status":"publish","type":"page","link":"https:\/\/www.toppet.fi\/en\/privaatsustingimused\/","title":{"rendered":"Privaatsustingimused"},"content":{"rendered":"<div data-elementor-type=\"wp-page\" data-elementor-id=\"1045\" class=\"elementor elementor-1045\">\n\t\t\t\t\t\t<div class=\"elementor-inner\">\n\t\t\t\t<div class=\"elementor-section-wrap\">\n\t\t\t\t\t\t\t\t\t<section class=\"elementor-section elementor-top-section elementor-element elementor-element-cc98632 elementor-section-boxed elementor-section-height-default elementor-section-height-default\" data-id=\"cc98632\" data-element_type=\"section\">\n\t\t\t\t\t\t<div class=\"elementor-container elementor-column-gap-default\">\n\t\t\t\t\t\t\t<div class=\"elementor-row\">\n\t\t\t\t\t<div class=\"elementor-column elementor-col-100 elementor-top-column elementor-element elementor-element-fa00752\" data-id=\"fa00752\" data-element_type=\"column\">\n\t\t\t<div class=\"elementor-column-wrap elementor-element-populated\">\n\t\t\t\t\t\t\t<div class=\"elementor-widget-wrap\">\n\t\t\t\t\t\t<div class=\"elementor-element elementor-element-77aad94 elementor-widget elementor-widget-text-editor\" data-id=\"77aad94\" data-element_type=\"widget\" data-widget_type=\"text-editor.default\">\n\t\t\t\t<div class=\"elementor-widget-container\">\n\t\t\t\t\t\t\t\t<div class=\"elementor-text-editor elementor-clearfix\">\n\t\t\t\t<p>K\u00e4esolevates privaatsustingimustes selgitame, kuidas ja mis eesm\u00e4rkidel me oma klientide isikuandeid t\u00f6\u00f6tleme. \u00dchtlasi selgitame siin klientide \u00f5igusi seoses isikuandmete t\u00f6\u00f6tlemisega.<\/p><p>Isikuandmete vastutav t\u00f6\u00f6tleja on Toppet O\u00dc (registrikood 14894840, aadress Tulika 9, 10613 Tallinn).<\/p><ol><li><strong> M\u00f5isted<\/strong><\/li><\/ol><p><strong>Kliendid<\/strong>\u00a0on k\u00f5ik isikud, kes k\u00fclastavad veebilehte, tarbivad v\u00f5i on avaldanud soovi tarbida Toppeti teenuseid v\u00f5i edastavad Toppetile omalt poolt infot.<\/p><p><strong>Teenused<\/strong>\u00a0on k\u00f5ik Toppeti poolt pakutavad tasuta ja tasulised tooted ning teenused.<\/p><p><strong>Andmesubjekt\u00a0<\/strong>on f\u00fc\u00fcsiline isik, kelle kohta on Toppetil teavet v\u00f5i teave, millega on v\u00f5imalik f\u00fc\u00fcsiline isik tuvastada (n\u00e4iteks klient v\u00f5i koost\u00f6\u00f6partner).<\/p><p><strong>Isikuandmed\u00a0<\/strong>on igasugune teave tuvastatud v\u00f5i tuvastatava f\u00fc\u00fcsilise isiku kohta.<\/p><p><strong>Isikuandmete t\u00f6\u00f6tlemine<\/strong>\u00a0on igasugune andmesubjekti isikuandmetega tehtav toiming \u2013 isikuandmete kogumine, t\u00f6\u00f6tlemine, talletamine, parandamine v\u00f5i kustutamine.<\/p><p><strong>Veebileht<\/strong>\u00a0on Toppeti veebileht www.toppet.fi.<\/p><p><strong>Leping<\/strong>\u00a0on Toppeti ja kliendi vahel s\u00f5lmitud teenuse osutamise v\u00f5i muu leping.<\/p><ol start=\"2\"><li><strong> Milliseid isikuandmeid me t\u00f6\u00f6tleme<\/strong><\/li><\/ol><p>T\u00f6\u00f6tleme j\u00e4rgmiseid isikuandmeid:<\/p><p>Identifitseerimisandmed ja \u00fcldandmed: ees- ja perekonnanimi, veebilehe kasutajanimi.<\/p><p>Kontaktandmed: postiaadress, e-post, telefoninumber.<\/p><p>Tarbijak\u00e4itumise andmed: eelistatud tarneviisid, vaadatud tooted, tehtud otsingud jms.<\/p><p>Ostuandmed: arveldusarve number, tehtud tellimused ja ostud (sh tooted, summad) jms.<\/p><p>Kliendi tagasiside kaudu saadavad andmed: hinnangud, arvustused, e-kirjade statistika jms.<\/p><p>Veebilehe k\u00fclastamise ja kasutamise tulemusena tekkivad andmed: veebilehel veedetud aeg jms.<\/p><ol start=\"3\"><li><strong> Kuidas isikuandmed meieni j\u00f5uavad<\/strong><\/li><\/ol><p>Isikuandmeid kogume j\u00e4rgmiste kanalite kaudu:<\/p><p>Kliendisuhtlus (kui klient helistab v\u00f5i saadab e-kirja v\u00f5i sotsiaalmeediakanali v\u00f5i veebilehel kontaktivormi kaudu s\u00f5numi).<\/p><p>Teenuste tarbimine (kui klient ostleb veebipoes).<\/p><p>Veebilehe k\u00fclastatavuse statistika (veebianal\u00fc\u00fctikaprogrammide vahendusel, kui klient k\u00fclastab veebilehte).<\/p><ol start=\"4\"><li><strong> Mis otstarbel me isikuandmeid kasutame<\/strong><\/li><\/ol><p>Kasutame isikuandmeid:<\/p><p>Kliendile teenuse osutamiseks, n\u00e4iteks lepingu s\u00f5lmimiseks ja t\u00e4itmiseks, kliendiga suhtlemiseks, arvete edastamiseks.<\/p><p>Kliendi e-posti aadressile teavituste saatmiseks uutest teenustest ja kampaaniatest, kuid seda vaid kliendi eelneval n\u00f5usolekul.<\/p><p>Veebilehe k\u00fclastatavuse statistikat veebilehe kasutajakogemuse parendamiseks ja efektiivsemaks turundamiseks.<\/p><p>Andmesubjektil on igal ajal \u00f5igus keelata oma isikuandmete t\u00f6\u00f6tlemine, v\u00e4lja arvatud juhul, kui see on vajalik lepingust tuleneva n\u00f5ude t\u00e4itmiseks, sh teenuse osutamiseks.<\/p><ol start=\"5\"><li><strong> Millistele kolmandatele isikutele ja millistel tingimustel me isikuandmeid edastame<\/strong><\/li><\/ol><p>Me ei edasta andmesubjekti isikuandmeid v\u00e4ljapoole Euroopa Liitu v\u00f5i Euroopa Liidu majanduspiirkonda.<\/p><p>Oma igap\u00e4evaseks tegevuseks kasutame volitatud t\u00f6\u00f6tlejaid, kes t\u00f6\u00f6tlevad isikuandmeid meie nimel ja meie eest, n\u00e4iteks pakkudes e-mailide edastamise ja haldamise s\u00fcsteemi, veebilehe majutust,\u00a0veebilehe kasutusstatistika anal\u00fc\u00fcsi, sotsiaalmeedia kasutamist ja sotsiaalmeedia statistika anal\u00fc\u00fcsi, raamatupidamistarkvara kasutamist, postiteenuse vahendamist v\u00f5i osutamist. Isikuandmete edastamine volitatud t\u00f6\u00f6tlejatele toimub nendega s\u00f5lmitud lepingute alusel. Volitatud t\u00f6\u00f6tlejad on kohustatud tagama isikuandmete t\u00f6\u00f6tlemisel asjakohased kaitsemeetmed.<\/p><p>V\u00f5ime avaldada andmeid ka ametiasutustele, kui selline kohustus tuleneb \u00f5igusaktidest.<\/p><ol start=\"6\"><li><strong> Kuidas s\u00e4ilitame isikuandmeid ja tagame nende turvalisuse<\/strong><\/li><\/ol><p>S\u00e4ilitame isikuandmeid nii kaua, kui see on eesm\u00e4rgi t\u00e4itmiseks v\u00f5i seadusest tulenevalt vajalik (n\u00e4iteks raamatupidamisandmeid 7 aastat majandusaasta l\u00f5ppemisest, meililistis olevat e-maili aadressi aga seni, kuni kasutaja avaldab soovi see sealt eemaldada).<\/p><p>Rakendame k\u00f5iki m\u00f5istlikke meetmeid t\u00f6\u00f6deldavate isikuandmete kaitseks. Juurdep\u00e4\u00e4s isikuandmete muutmiseks ja t\u00f6\u00f6tlemiseks on ainult selleks volitatud isikutel ning k\u00f5ikide andmesubjektide isikuandmeid k\u00e4sitletakse kui konfidentsiaalset informatsiooni.<\/p><ol start=\"7\"><li><strong> Millised on andmesubjekti \u00f5igused ja kuidas ta neid kasutada saab<\/strong><\/li><\/ol><p>Andmesubjektil on \u00f5igus igal ajal:<\/p><p>Avaldada soovi juurdep\u00e4\u00e4suks enda andmetele.<\/p><p>N\u00f5uda isikuandmete parandamist, t\u00e4iendamist v\u00f5i seaduses etten\u00e4htud tingimustel kustutamist.<\/p><p>N\u00f5uda isikuandmete t\u00f6\u00f6tlemise piiramist.<\/p><p>N\u00f5uda isikuandmete \u00fclekandmist.<\/p><p>Kustutada end Toppeti meililisti nimekirjast ja loobuda edasistest e-kirjadest.<\/p><p>Oma \u00f5iguste kasutamiseks tuleb andmesubjektil saata vastavasisuline sooviavaldus e-posti aadressile info@toppet.fi.<\/p><p>Kui andmesubjekt usub, et tema \u00f5igusi on isikuandmete t\u00f6\u00f6tlemisel rikutud, on tal \u00f5igus p\u00f6\u00f6rduda Andmekaitse Inspektsiooni poole.<\/p><ol start=\"8\"><li><strong> Milliseid k\u00fcpsiseid ja miks me oma veebilehel kasutame<\/strong><\/li><\/ol><p>Kasutame oma veebilehel k\u00fcpsiseid v\u00f5i muid sarnaseid tehnoloogiaid (nt IP aadress, seadmeinfo, asukohateave), et tagada parem kasutajakogemus ja efektiivsem turundustegevus ning koguda kasutusstatistikat. K\u00fcpsis on v\u00e4ike tekstifail, mille veebilehitseja automaatselt k\u00fclastaja poolt kasutatavasse seadmesse salvestab. K\u00fcpsised v\u00f5ivad olla loodud erinevate teenusepakkujate poolt, n\u00e4iteks Google ja Facebook.<\/p><p>Kasutame p\u00fcsivaid k\u00fcpsiseid (j\u00e4\u00e4vad kasutaja arvutis olevasse k\u00fcpsiste faili p\u00fcsivalt; neid v\u00f5idakse kasutada n\u00e4iteks kasutaja kui veebilehe korduvk\u00fclastaja \u00e4ratundmiseks ja veebilehe sisu kohandamiseks vastavalt kasutaja vajadustele v\u00f5i statistiliste andmete kogumiseks) ja seansik\u00fcpsised (kaovad, kui kasutaja veebilehelt lahkub v\u00f5i oma veebilehitseja sulgeb; neid v\u00f5idakse kasutada veebilehe teatud funktsioonide, n\u00e4iteks teenuse v\u00f5i toote taotlemise jms v\u00f5imaldamiseks).<\/p><ol start=\"9\"><li><strong> Kuidas saab k\u00fclastaja k\u00fcpsistest soovi korral m\u00f6\u00f6da minna<\/strong><\/li><\/ol><p>Veebilehe k\u00fclastaja loetakse k\u00fcpsistega n\u00f5ustunuks, kui tema veebilehitseja seadistustes on k\u00fcpsised lubatud. K\u00fclastaja v\u00f5ib oma seadmes k\u00fcpsiste kasutamise \u00e4ra keelata v\u00f5i need kustutada. Selleks tuleb muuta oma veebilehitseja vastavaid seadeid. K\u00fcpsiste mittekasutamisel ei pruugi aga veebileht korrektselt t\u00f6\u00f6tada.<\/p><p>Veebilehitseja k\u00fcpsiste vahem\u00e4lu on v\u00f5imalik kustutada veebilehitseja seadistuste kaudu. K\u00fcpsise kustutamine kustutab veebilehitseja vahem\u00e4llu salvestatud unikaalse identifikaatori koos sellele lisatud veebip\u00f5hise profiiliga. K\u00fcpsise vahem\u00e4lu kustutamine ei takista aga uute k\u00fcpsiste salvestamist tulevikus.<\/p><ol start=\"10\"><li><strong> Kuidas toimub privaatsustingimuste muutmine<\/strong><\/li><\/ol><p>J\u00e4tame endale \u00f5iguse muuta k\u00e4esolevaid privaatsustingimusi \u00fchepoolselt ja ette teatamata, eesm\u00e4rgiga kindlustada nende vastavus seadustele. Privaatsustingimused on meie veebilehel alati saadaval k\u00f5ige uuemas versioonis.<\/p><p>Soovitame aeg-ajalt meie privaatsustingimused \u00fcle vaadata, et olla kursis v\u00f5imalike muudatustega.<\/p>\t\t\t\t\t<\/div>\n\t\t\t\t\t\t<\/div>\n\t\t\t\t<\/div>\n\t\t\t\t\t\t<\/div>\n\t\t\t\t\t<\/div>\n\t\t<\/div>\n\t\t\t\t\t\t\t\t<\/div>\n\t\t\t\t\t<\/div>\n\t\t<\/section>\n\t\t\t\t\t\t\t\t\t<\/div>\n\t\t\t<\/div>\n\t\t\t\t\t<\/div>","protected":false},"excerpt":{"rendered":"<p>K\u00e4esolevates privaatsustingimustes selgitame, kuidas ja mis eesm\u00e4rkidel me oma klientide isikuandeid t\u00f6\u00f6tleme. \u00dchtlasi selgitame siin klientide \u00f5igusi seoses isikuandmete t\u00f6\u00f6tlemisega. Isikuandmete vastutav t\u00f6\u00f6tleja on Toppet O\u00dc (registrikood 14894840, aadress Tulika 9, 10613 Tallinn). M\u00f5isted Kliendid\u00a0on k\u00f5ik isikud, kes k\u00fclastavad veebilehte, tarbivad v\u00f5i on avaldanud soovi tarbida Toppeti teenuseid v\u00f5i edastavad Toppetile omalt poolt infot. Teenused\u00a0on &hellip;<\/p>\n<p class=\"read-more\"> <a class=\"\" href=\"https:\/\/www.toppet.fi\/en\/privaatsustingimused\/\"> <span class=\"screen-reader-text\">Privaatsustingimused<\/span> Read More &raquo;<\/a><\/p>","protected":false},"author":1,"featured_media":0,"parent":0,"menu_order":0,"comment_status":"closed","ping_status":"closed","template":"","meta":{"site-sidebar-layout":"no-sidebar","site-content-layout":"page-builder","ast-global-header-display":"","ast-banner-title-visibility":"","ast-main-header-display":"","ast-hfb-above-header-display":"","ast-hfb-below-header-display":"","ast-hfb-mobile-header-display":"","site-post-title":"disabled","ast-breadcrumbs-content":"","ast-featured-img":"disabled","footer-sml-layout":"","theme-transparent-header-meta":"default","adv-header-id-meta":"","stick-header-meta":"","header-above-stick-meta":"","header-main-stick-meta":"","header-below-stick-meta":"","footnotes":""},"_links":{"self":[{"href":"https:\/\/www.toppet.fi\/en\/wp-json\/wp\/v2\/pages\/1045"}],"collection":[{"href":"https:\/\/www.toppet.fi\/en\/wp-json\/wp\/v2\/pages"}],"about":[{"href":"https:\/\/www.toppet.fi\/en\/wp-json\/wp\/v2\/types\/page"}],"author":[{"embeddable":true,"href":"https:\/\/www.toppet.fi\/en\/wp-json\/wp\/v2\/users\/1"}],"replies":[{"embeddable":true,"href":"https:\/\/www.toppet.fi\/en\/wp-json\/wp\/v2\/comments?post=1045"}],"version-history":[{"count":5,"href":"https:\/\/www.toppet.fi\/en\/wp-json\/wp\/v2\/pages\/1045\/revisions"}],"predecessor-version":[{"id":2132,"href":"https:\/\/www.toppet.fi\/en\/wp-json\/wp\/v2\/pages\/1045\/revisions\/2132"}],"wp:attachment":[{"href":"https:\/\/www.toppet.fi\/en\/wp-json\/wp\/v2\/media?parent=1045"}],"curies":[{"name":"wp","href":"https:\/\/api.w.org\/{rel}","templated":true}]}}